{"id":306,"date":"2022-02-26T11:55:08","date_gmt":"2022-02-26T10:55:08","guid":{"rendered":"https:\/\/acronyx.org\/?page_id=306"},"modified":"2026-02-17T10:52:34","modified_gmt":"2026-02-17T09:52:34","slug":"asanas","status":"publish","type":"page","link":"https:\/\/acronyx.org\/en\/asanas\/","title":{"rendered":"REGISTRATION FESTIVAL"},"content":{"rendered":"<p> Im Festivalpreis ist vegane Vollverpflegung, Kaffee und Tee, alle Workshops und \u00dcbernachtung mit Zelt oder Wohnmobil inbegriffen.<\/p>\n\n\n\n<p>Wer im Mehrbettzimmer in Uslar (3km) \u00fcbernachten m\u00f6chte, kann dies bei der Anmeldung buchen.<\/p>\n\n\n\n<p><\/p>\n\n\n\n<p>Um dein Ticket zu finden, ist es gut zwei Dinge zu wissen.<\/p>\n\n\n\n<ol>\n<li>Are you a normal participant or a reduced participant? Pupils, students and trainees are discounted participants. All others are normal participants. If you are really not in a good financial position, let us know and we will find a solution.<\/li>\n\n\n\n<li>M\u00f6chtest du als Helfer kommen? Eine Helferschicht (4 Stunden, Putzschicht 2 Stunden) wird mit 40 Euro bzw. erm\u00e4\u00dfigt 30  Euro verrechnet.<\/li>\n<\/ol>\n\n\n\n<p>F\u00fcr Kinder bitten wir vom 8. bis vollendeten 14. Lebensjahr 8 Euro am Tag.<\/p>\n\n\n\n<p>Alles klar? Falls nicht, schreib uns einfach eine Mail an tickets@acronyx.org<\/p>\n\n\n\n<h2 class=\"wp-block-heading\"><a href=\"https:\/\/pretix.acronyx.org\/acronyx\/26MAI\/\">15. \u2013 25. Mai ACRONYX FESTIVAL GUT STEIMKE<\/a><br> <\/h2>\n\n\n\n<p><\/p>\n\n\n\n<h2 class=\"wp-block-heading\"><a href=\"https:\/\/pretix.acronyx.org\/acronyx\/26JUL\/\">24. Juli \u2013 2. August ACRONYX FESTIVAL GUT STEIMKE<\/a><\/h2>\n\n\n\n<p><\/p>\n\n\n\n<h2 class=\"wp-block-heading\"><a href=\"https:\/\/acronyx.org\/en\/acronyx-gut-steimke\/\">4. \u2013 13. September  ACRONYX FESTIVAL GUT STEIMKE<\/a><\/h2>\n\n\n\n<p>Anmeldung \u00f6ffnet demn\u00e4chst<\/p>\n\n\n\n<h2 class=\"wp-block-heading\"><\/h2>\n\n\n<p><\/p>\n<h2><img decoding=\"async\" loading=\"lazy\" class=\"alignnone wp-image-1932 size-large\" src=\"https:\/\/www.acroyo.de\/wp-content\/uploads\/2021\/10\/Soja-22-1-1024x683.jpg\" alt=\"\" width=\"800\" height=\"534\"><\/h2>\n<h2>&nbsp;<\/h2>\n<h2>&nbsp;<\/h2>","protected":false},"excerpt":{"rendered":"<p>Im Festivalpreis ist vegane Vollverpflegung, Kaffee und Tee, alle Workshops und \u00dcbernachtung mit Zelt oder Wohnmobil inbegriffen. Wer im Mehrbettzimmer<\/p>","protected":false},"author":2,"featured_media":0,"parent":0,"menu_order":0,"comment_status":"closed","ping_status":"closed","template":"","meta":[],"yoast_head":"<!-- This site is optimized with the Yoast SEO plugin v20.8 - https:\/\/yoast.com\/wordpress\/plugins\/seo\/ -->\n<title>ANMELDUNG FESTIVAL - ACRONYX<\/title>\n<meta name=\"robots\" content=\"index, follow, max-snippet:-1, max-image-preview:large, max-video-preview:-1\" \/>\n<link rel=\"canonical\" href=\"https:\/\/acronyx.org\/en\/asanas\/\" \/>\n<meta property=\"og:locale\" content=\"en_US\" \/>\n<meta property=\"og:type\" content=\"article\" \/>\n<meta property=\"og:title\" content=\"ANMELDUNG FESTIVAL - ACRONYX\" \/>\n<meta property=\"og:description\" content=\"Im Festivalpreis ist vegane Vollverpflegung, Kaffee und Tee, alle Workshops und \u00dcbernachtung mit Zelt oder Wohnmobil inbegriffen. Wer im Mehrbettzimmer\" \/>\n<meta property=\"og:url\" content=\"https:\/\/acronyx.org\/en\/asanas\/\" \/>\n<meta property=\"og:site_name\" content=\"ACRONYX\" \/>\n<meta property=\"article:modified_time\" content=\"2026-02-17T09:52:34+00:00\" \/>\n<meta property=\"og:image\" content=\"https:\/\/www.acroyo.de\/wp-content\/uploads\/2021\/10\/Soja-22-1-1024x683.jpg\" \/>\n<meta name=\"twitter:card\" content=\"summary_large_image\" \/>\n<meta name=\"twitter:label1\" content=\"Est. reading time\" \/>\n\t<meta name=\"twitter:data1\" content=\"2 minutes\" \/>\n<script type=\"application\/ld+json\" class=\"yoast-schema-graph\">{\"@context\":\"https:\/\/schema.org\",\"@graph\":[{\"@type\":\"WebPage\",\"@id\":\"https:\/\/acronyx.org\/asanas\/\",\"url\":\"https:\/\/acronyx.org\/asanas\/\",\"name\":\"ANMELDUNG FESTIVAL - ACRONYX\",\"isPartOf\":{\"@id\":\"https:\/\/acronyx.org\/#website\"},\"datePublished\":\"2022-02-26T10:55:08+00:00\",\"dateModified\":\"2026-02-17T09:52:34+00:00\",\"breadcrumb\":{\"@id\":\"https:\/\/acronyx.org\/asanas\/#breadcrumb\"},\"inLanguage\":\"en-US\",\"potentialAction\":[{\"@type\":\"ReadAction\",\"target\":[\"https:\/\/acronyx.org\/asanas\/\"]}]},{\"@type\":\"BreadcrumbList\",\"@id\":\"https:\/\/acronyx.org\/asanas\/#breadcrumb\",\"itemListElement\":[{\"@type\":\"ListItem\",\"position\":1,\"name\":\"Startseite\",\"item\":\"https:\/\/acronyx.org\/\"},{\"@type\":\"ListItem\",\"position\":2,\"name\":\"ANMELDUNG FESTIVAL\"}]},{\"@type\":\"WebSite\",\"@id\":\"https:\/\/acronyx.org\/#website\",\"url\":\"https:\/\/acronyx.org\/\",\"name\":\"ACRONYX\",\"description\":\"\",\"publisher\":{\"@id\":\"https:\/\/acronyx.org\/#organization\"},\"potentialAction\":[{\"@type\":\"SearchAction\",\"target\":{\"@type\":\"EntryPoint\",\"urlTemplate\":\"https:\/\/acronyx.org\/?s={search_term_string}\"},\"query-input\":\"required name=search_term_string\"}],\"inLanguage\":\"en-US\"},{\"@type\":\"Organization\",\"@id\":\"https:\/\/acronyx.org\/#organization\",\"name\":\"ACRONYX\",\"url\":\"https:\/\/acronyx.org\/\",\"logo\":{\"@type\":\"ImageObject\",\"inLanguage\":\"en-US\",\"@id\":\"https:\/\/acronyx.org\/#\/schema\/logo\/image\/\",\"url\":\"https:\/\/acronyx.org\/wp-content\/uploads\/2022\/01\/cropped-Om-Bild.jpg\",\"contentUrl\":\"https:\/\/acronyx.org\/wp-content\/uploads\/2022\/01\/cropped-Om-Bild.jpg\",\"width\":400,\"height\":400,\"caption\":\"ACRONYX\"},\"image\":{\"@id\":\"https:\/\/acronyx.org\/#\/schema\/logo\/image\/\"}}]}<\/script>\n<!-- \/ Yoast SEO plugin. -->","yoast_head_json":{"title":"ANMELDUNG FESTIVAL - ACRONYX","robots":{"index":"index","follow":"follow","max-snippet":"max-snippet:-1","max-image-preview":"max-image-preview:large","max-video-preview":"max-video-preview:-1"},"canonical":"https:\/\/acronyx.org\/en\/asanas\/","og_locale":"en_US","og_type":"article","og_title":"ANMELDUNG FESTIVAL - ACRONYX","og_description":"Im Festivalpreis ist vegane Vollverpflegung, Kaffee und Tee, alle Workshops und \u00dcbernachtung mit Zelt oder Wohnmobil inbegriffen. Wer im Mehrbettzimmer","og_url":"https:\/\/acronyx.org\/en\/asanas\/","og_site_name":"ACRONYX","article_modified_time":"2026-02-17T09:52:34+00:00","og_image":[{"url":"https:\/\/www.acroyo.de\/wp-content\/uploads\/2021\/10\/Soja-22-1-1024x683.jpg"}],"twitter_card":"summary_large_image","twitter_misc":{"Est. reading time":"2 minutes"},"schema":{"@context":"https:\/\/schema.org","@graph":[{"@type":"WebPage","@id":"https:\/\/acronyx.org\/asanas\/","url":"https:\/\/acronyx.org\/asanas\/","name":"ANMELDUNG FESTIVAL - ACRONYX","isPartOf":{"@id":"https:\/\/acronyx.org\/#website"},"datePublished":"2022-02-26T10:55:08+00:00","dateModified":"2026-02-17T09:52:34+00:00","breadcrumb":{"@id":"https:\/\/acronyx.org\/asanas\/#breadcrumb"},"inLanguage":"en-US","potentialAction":[{"@type":"ReadAction","target":["https:\/\/acronyx.org\/asanas\/"]}]},{"@type":"BreadcrumbList","@id":"https:\/\/acronyx.org\/asanas\/#breadcrumb","itemListElement":[{"@type":"ListItem","position":1,"name":"Startseite","item":"https:\/\/acronyx.org\/"},{"@type":"ListItem","position":2,"name":"ANMELDUNG FESTIVAL"}]},{"@type":"WebSite","@id":"https:\/\/acronyx.org\/#website","url":"https:\/\/acronyx.org\/","name":"ACRONYX","description":"","publisher":{"@id":"https:\/\/acronyx.org\/#organization"},"potentialAction":[{"@type":"SearchAction","target":{"@type":"EntryPoint","urlTemplate":"https:\/\/acronyx.org\/?s={search_term_string}"},"query-input":"required name=search_term_string"}],"inLanguage":"en-US"},{"@type":"Organization","@id":"https:\/\/acronyx.org\/#organization","name":"ACRONYX","url":"https:\/\/acronyx.org\/","logo":{"@type":"ImageObject","inLanguage":"en-US","@id":"https:\/\/acronyx.org\/#\/schema\/logo\/image\/","url":"https:\/\/acronyx.org\/wp-content\/uploads\/2022\/01\/cropped-Om-Bild.jpg","contentUrl":"https:\/\/acronyx.org\/wp-content\/uploads\/2022\/01\/cropped-Om-Bild.jpg","width":400,"height":400,"caption":"ACRONYX"},"image":{"@id":"https:\/\/acronyx.org\/#\/schema\/logo\/image\/"}}]}},"_links":{"self":[{"href":"https:\/\/acronyx.org\/en\/wp-json\/wp\/v2\/pages\/306"}],"collection":[{"href":"https:\/\/acronyx.org\/en\/wp-json\/wp\/v2\/pages"}],"about":[{"href":"https:\/\/acronyx.org\/en\/wp-json\/wp\/v2\/types\/page"}],"author":[{"embeddable":true,"href":"https:\/\/acronyx.org\/en\/wp-json\/wp\/v2\/users\/2"}],"replies":[{"embeddable":true,"href":"https:\/\/acronyx.org\/en\/wp-json\/wp\/v2\/comments?post=306"}],"version-history":[{"count":10,"href":"https:\/\/acronyx.org\/en\/wp-json\/wp\/v2\/pages\/306\/revisions"}],"predecessor-version":[{"id":2644,"href":"https:\/\/acronyx.org\/en\/wp-json\/wp\/v2\/pages\/306\/revisions\/2644"}],"wp:attachment":[{"href":"https:\/\/acronyx.org\/en\/wp-json\/wp\/v2\/media?parent=306"}],"curies":[{"name":"wp","href":"https:\/\/api.w.org\/{rel}","templated":true}]}}