{"id":2183,"date":"2024-10-19T12:20:56","date_gmt":"2024-10-19T10:20:56","guid":{"rendered":"https:\/\/acronyx.org\/?page_id=2183"},"modified":"2024-11-05T10:54:10","modified_gmt":"2024-11-05T09:54:10","slug":"acroyoga-intensive-mit-marcus-kim","status":"publish","type":"page","link":"https:\/\/acronyx.org\/en\/acroyoga-intensive-mit-marcus-kim\/","title":{"rendered":""},"content":{"rendered":"<figure class=\"wp-block-image size-large\"><img decoding=\"async\" loading=\"lazy\" width=\"1024\" height=\"585\" src=\"https:\/\/acronyx.org\/wp-content\/uploads\/2024\/11\/WhatsApp-Image-2024-11-05-at-10.46.23-2-1024x585.jpeg\" alt=\"\" class=\"wp-image-2235\" srcset=\"https:\/\/acronyx.org\/wp-content\/uploads\/2024\/11\/WhatsApp-Image-2024-11-05-at-10.46.23-2-1024x585.jpeg 1024w, https:\/\/acronyx.org\/wp-content\/uploads\/2024\/11\/WhatsApp-Image-2024-11-05-at-10.46.23-2-300x171.jpeg 300w, https:\/\/acronyx.org\/wp-content\/uploads\/2024\/11\/WhatsApp-Image-2024-11-05-at-10.46.23-2-768x439.jpeg 768w, https:\/\/acronyx.org\/wp-content\/uploads\/2024\/11\/WhatsApp-Image-2024-11-05-at-10.46.23-2-1536x878.jpeg 1536w, https:\/\/acronyx.org\/wp-content\/uploads\/2024\/11\/WhatsApp-Image-2024-11-05-at-10.46.23-2-18x10.jpeg 18w, https:\/\/acronyx.org\/wp-content\/uploads\/2024\/11\/WhatsApp-Image-2024-11-05-at-10.46.23-2.jpeg 1792w\" sizes=\"(max-width: 1024px) 100vw, 1024px\" \/><\/figure>\n\n\n<h2>ACRONYX &#8222;SOUL ONE&#8220; mit Marcus &amp; Kim<\/h2>\n<h2 class=\"wp-block-heading\">22. November bis 2. Dezember in Uslar<\/h2>\n<p>Hallo ihr Lieben,<\/p>\n<p>Wir freuen uns sehr, euch zu einem besonderen 10-t\u00e4gigen Acronyx-Treffen in Uslar einzuladen!<\/p>\n<p>Gemeinsam werden wir eine intensive Zeit voller Bewegung, Verbindung und Kreativit\u00e4t erleben.<\/p>\n<p><strong>Program<\/strong>: Kim und Marcus werden euch durch eine Vielzahl von AcroYoga-Sessions f\u00fchren. Dar\u00fcber hinaus erwarten euch Sessions in Contact Improvisation, Atmen im Farbkreis, Spirit, ganz viel Musik und all die bunten Acronyx-Aktivit\u00e4ten, die ihr kennt und liebt.<\/p>\n<p>\u00dcbernachtung: Ihr k\u00f6nnt in unseren gem\u00fctlichen Mehrbettzimmern \u00fcbernachten, bringt bitte Bettzeug mit.<\/p>\n<p>Zeitrahmen und Kosten: 50 Euro pro Tag, erm\u00e4\u00dfigt 40 Euro, ihr k\u00f6nnt auch einzelne Tage kommen.<\/p>\n<p>Im Preis ist vegetarische Vollverpflegung inbegriffen.<\/p>\n<p>Start: Freitag Nachmittag um 16 Uhr<\/p>\n<p>Mithilfe: Jeder Teilnehmer unterst\u00fctzt etwa 1 Stunde pro Tag mit kleinen Aufgaben.<\/p>\n<p>Anmeldung: Schickt uns einfach eine kurze Nachricht an BaierleinMarcus@gmx.de, um euch anzumelden.<\/p>\n<p>Wir freuen uns schon sehr auf diese intensive Zeit mit euch!<\/p>\n<p>Herzlich,<br \/>Marcus &amp; Kim<\/p>","protected":false},"excerpt":{"rendered":"<p>ACRONYX &#8222;SOUL ONE&#8220; mit Marcus &amp; Kim 22. November bis 2. Dezember in Uslar Hallo ihr Lieben, Wir freuen uns<\/p>","protected":false},"author":2,"featured_media":0,"parent":0,"menu_order":0,"comment_status":"closed","ping_status":"closed","template":"","meta":[],"yoast_head":"<!-- This site is optimized with the Yoast SEO plugin v20.8 - https:\/\/yoast.com\/wordpress\/plugins\/seo\/ -->\n<title>- ACRONYX<\/title>\n<meta name=\"robots\" content=\"index, follow, max-snippet:-1, max-image-preview:large, max-video-preview:-1\" \/>\n<link rel=\"canonical\" href=\"https:\/\/acronyx.org\/en\/acroyoga-intensive-mit-marcus-kim\/\" \/>\n<meta property=\"og:locale\" content=\"en_US\" \/>\n<meta property=\"og:type\" content=\"article\" \/>\n<meta property=\"og:title\" content=\"- ACRONYX\" \/>\n<meta property=\"og:description\" content=\"ACRONYX &#8222;SOUL ONE&#8220; mit Marcus &amp; Kim 22. November bis 2. Dezember in Uslar Hallo ihr Lieben, Wir freuen uns\" \/>\n<meta property=\"og:url\" content=\"https:\/\/acronyx.org\/en\/acroyoga-intensive-mit-marcus-kim\/\" \/>\n<meta property=\"og:site_name\" content=\"ACRONYX\" \/>\n<meta property=\"article:modified_time\" content=\"2024-11-05T09:54:10+00:00\" \/>\n<meta property=\"og:image\" content=\"https:\/\/acronyx.org\/wp-content\/uploads\/2024\/11\/WhatsApp-Image-2024-11-05-at-10.46.23-2-1024x585.jpeg\" \/>\n<meta name=\"twitter:card\" content=\"summary_large_image\" \/>\n<meta name=\"twitter:label1\" content=\"Est. reading time\" \/>\n\t<meta name=\"twitter:data1\" content=\"2 minutes\" \/>\n<script type=\"application\/ld+json\" class=\"yoast-schema-graph\">{\"@context\":\"https:\/\/schema.org\",\"@graph\":[{\"@type\":\"WebPage\",\"@id\":\"https:\/\/acronyx.org\/acroyoga-intensive-mit-marcus-kim\/\",\"url\":\"https:\/\/acronyx.org\/acroyoga-intensive-mit-marcus-kim\/\",\"name\":\"- ACRONYX\",\"isPartOf\":{\"@id\":\"https:\/\/acronyx.org\/#website\"},\"datePublished\":\"2024-10-19T10:20:56+00:00\",\"dateModified\":\"2024-11-05T09:54:10+00:00\",\"inLanguage\":\"en-US\",\"potentialAction\":[{\"@type\":\"ReadAction\",\"target\":[\"https:\/\/acronyx.org\/acroyoga-intensive-mit-marcus-kim\/\"]}]},{\"@type\":\"WebSite\",\"@id\":\"https:\/\/acronyx.org\/#website\",\"url\":\"https:\/\/acronyx.org\/\",\"name\":\"ACRONYX\",\"description\":\"\",\"publisher\":{\"@id\":\"https:\/\/acronyx.org\/#organization\"},\"potentialAction\":[{\"@type\":\"SearchAction\",\"target\":{\"@type\":\"EntryPoint\",\"urlTemplate\":\"https:\/\/acronyx.org\/?s={search_term_string}\"},\"query-input\":\"required name=search_term_string\"}],\"inLanguage\":\"en-US\"},{\"@type\":\"Organization\",\"@id\":\"https:\/\/acronyx.org\/#organization\",\"name\":\"ACRONYX\",\"url\":\"https:\/\/acronyx.org\/\",\"logo\":{\"@type\":\"ImageObject\",\"inLanguage\":\"en-US\",\"@id\":\"https:\/\/acronyx.org\/#\/schema\/logo\/image\/\",\"url\":\"https:\/\/acronyx.org\/wp-content\/uploads\/2022\/01\/cropped-Om-Bild.jpg\",\"contentUrl\":\"https:\/\/acronyx.org\/wp-content\/uploads\/2022\/01\/cropped-Om-Bild.jpg\",\"width\":400,\"height\":400,\"caption\":\"ACRONYX\"},\"image\":{\"@id\":\"https:\/\/acronyx.org\/#\/schema\/logo\/image\/\"}}]}<\/script>\n<!-- \/ Yoast SEO plugin. -->","yoast_head_json":{"title":"- ACRONYX","robots":{"index":"index","follow":"follow","max-snippet":"max-snippet:-1","max-image-preview":"max-image-preview:large","max-video-preview":"max-video-preview:-1"},"canonical":"https:\/\/acronyx.org\/en\/acroyoga-intensive-mit-marcus-kim\/","og_locale":"en_US","og_type":"article","og_title":"- ACRONYX","og_description":"ACRONYX &#8222;SOUL ONE&#8220; mit Marcus &amp; Kim 22. November bis 2. Dezember in Uslar Hallo ihr Lieben, Wir freuen uns","og_url":"https:\/\/acronyx.org\/en\/acroyoga-intensive-mit-marcus-kim\/","og_site_name":"ACRONYX","article_modified_time":"2024-11-05T09:54:10+00:00","og_image":[{"url":"https:\/\/acronyx.org\/wp-content\/uploads\/2024\/11\/WhatsApp-Image-2024-11-05-at-10.46.23-2-1024x585.jpeg"}],"twitter_card":"summary_large_image","twitter_misc":{"Est. reading time":"2 minutes"},"schema":{"@context":"https:\/\/schema.org","@graph":[{"@type":"WebPage","@id":"https:\/\/acronyx.org\/acroyoga-intensive-mit-marcus-kim\/","url":"https:\/\/acronyx.org\/acroyoga-intensive-mit-marcus-kim\/","name":"- ACRONYX","isPartOf":{"@id":"https:\/\/acronyx.org\/#website"},"datePublished":"2024-10-19T10:20:56+00:00","dateModified":"2024-11-05T09:54:10+00:00","inLanguage":"en-US","potentialAction":[{"@type":"ReadAction","target":["https:\/\/acronyx.org\/acroyoga-intensive-mit-marcus-kim\/"]}]},{"@type":"WebSite","@id":"https:\/\/acronyx.org\/#website","url":"https:\/\/acronyx.org\/","name":"ACRONYX","description":"","publisher":{"@id":"https:\/\/acronyx.org\/#organization"},"potentialAction":[{"@type":"SearchAction","target":{"@type":"EntryPoint","urlTemplate":"https:\/\/acronyx.org\/?s={search_term_string}"},"query-input":"required name=search_term_string"}],"inLanguage":"en-US"},{"@type":"Organization","@id":"https:\/\/acronyx.org\/#organization","name":"ACRONYX","url":"https:\/\/acronyx.org\/","logo":{"@type":"ImageObject","inLanguage":"en-US","@id":"https:\/\/acronyx.org\/#\/schema\/logo\/image\/","url":"https:\/\/acronyx.org\/wp-content\/uploads\/2022\/01\/cropped-Om-Bild.jpg","contentUrl":"https:\/\/acronyx.org\/wp-content\/uploads\/2022\/01\/cropped-Om-Bild.jpg","width":400,"height":400,"caption":"ACRONYX"},"image":{"@id":"https:\/\/acronyx.org\/#\/schema\/logo\/image\/"}}]}},"_links":{"self":[{"href":"https:\/\/acronyx.org\/en\/wp-json\/wp\/v2\/pages\/2183"}],"collection":[{"href":"https:\/\/acronyx.org\/en\/wp-json\/wp\/v2\/pages"}],"about":[{"href":"https:\/\/acronyx.org\/en\/wp-json\/wp\/v2\/types\/page"}],"author":[{"embeddable":true,"href":"https:\/\/acronyx.org\/en\/wp-json\/wp\/v2\/users\/2"}],"replies":[{"embeddable":true,"href":"https:\/\/acronyx.org\/en\/wp-json\/wp\/v2\/comments?post=2183"}],"version-history":[{"count":10,"href":"https:\/\/acronyx.org\/en\/wp-json\/wp\/v2\/pages\/2183\/revisions"}],"predecessor-version":[{"id":2238,"href":"https:\/\/acronyx.org\/en\/wp-json\/wp\/v2\/pages\/2183\/revisions\/2238"}],"wp:attachment":[{"href":"https:\/\/acronyx.org\/en\/wp-json\/wp\/v2\/media?parent=2183"}],"curies":[{"name":"wp","href":"https:\/\/api.w.org\/{rel}","templated":true}]}}