{"id":2132,"date":"2024-09-30T08:59:42","date_gmt":"2024-09-30T06:59:42","guid":{"rendered":"https:\/\/acronyx.org\/?page_id=2132"},"modified":"2024-09-30T09:00:33","modified_gmt":"2024-09-30T07:00:33","slug":"oeffne-dein-herz-contact-improvisation","status":"publish","type":"page","link":"https:\/\/acronyx.org\/en\/oeffne-dein-herz-contact-improvisation\/","title":{"rendered":"Tanze dein Herz &#8211; Contact Improvisation"},"content":{"rendered":"<p><br>Contactimpro Wochenende<\/p>\n\n\n\n<p>Hauptthema: \u201aTanz dein \ud83d\udc97!\u2018<\/p>\n\n\n\n<p>weitere Themen: Heilungspotenzial, Spiralen im K\u00f6rper, Kipppunkte, Wege zum Boden und zur\u00fcck, \u201aContemplative Dance Practice\u2019 nach Barbara Dilley<\/p>\n\n\n\n<p>Freitag 11.10., 16 Uhr &#8211; Sonntag, 13.10., 22 Uhr<br>150 &#8211; 200 Euro nach Selbsteinsch\u00e4tzung<br>bis Montag nachmittag bleiben ist m\u00f6glich gegen 20 Euro Aufpreis<\/p>\n\n\n\n<p>im \u201aNest\u2018 in Uslar<\/p>\n\n\n\n<p>\u00dcbernachtung im Mehrbettenzimmer, im Kaminzimmer, im 2. Bewegungsraum oder im eigenen Zelt im Garten<\/p>\n\n\n\n<p><br>Liebe tanzbegeisterte Menschen, liebe Freunde der Contact Improvisation! \ud83c\udf3b<\/p>\n\n\n\n<p>\u201aTANZ DEIN \ud83d\udc97!\u2018<\/p>\n\n\n\n<p>Das ist unser Motto an diesem Wochenende.<\/p>\n\n\n\n<p>\u2b50\ufe0f<\/p>\n\n\n\n<p>F\u00fchlt euch herzlich eingeladen zu einer Forschungsreise zu euch selbst, die sowohl f\u00fcr Anf\u00e4nger wie auch f\u00fcr Fortgeschrittene der Contact Improvisation bereichernd sein wird. Ein besonderes Augenmerk liegt diesmal auf dem Heilungspotential, das in dieser wunderbaren Tanz- und Begegnungsform ruht und darauf wartet von uns entdeckt und aktiviert zu werden.<br>Wir werden uns in verschiedenen Solo- und Partner\u00fcbungen den Elementen widmen sowie den M\u00f6glichkeiten, die durch Spiralbewegungen im K\u00f6rper entstehen. Weitere Themen sind Kipppunkte und Wege, die uns zum Boden und wieder nach oben f\u00fchren. Und au\u00dferdem ein Format, das mir sehr am Herzen liegt: \u201aContemplative Dance Practice\u2018 nach Barbara Dilley (Meditation, pers\u00f6nliches Warm-Up, freies Tanzen &#8211; das wird die Struktur der Jam am 1. Abend sein).<\/p>\n\n\n\n<p>\u2b50\ufe0f<\/p>\n\n\n\n<p>Die ganze Veranstaltung startet am Freitag, den 11.10.24 um 16 Uhr (Anreise) &#8211; und endet mit der letzten Jam am Sonntag, den 13.10.24 gegen 22 Uhr.<\/p>\n\n\n\n<p>Der Er\u00f6ffnungskreis ist am Freitag um 19 Uhr.<br>Am Samstag und Sonntag gibt es jeweils 3 Mahlzeiten.<br>\u00dcbernachtungen sind im Mehrbettenzimmer, im Kaminzimmer, im 2. Bewegungsraum oder auch im eigenen Zelt im Garten m\u00f6glich.<\/p>\n\n\n\n<p>Das Event findet ab 8 verbindlichen Anmeldungen bei uns zuhause im \u201aNest\u2018 in Uslar statt, wo euch unser sch\u00f6nes Kaminzimmer zum tanzen erwartet!<\/p>\n\n\n\n<p>\u2b50\ufe0f<\/p>\n\n\n\n<p>Beitrag pro TeilnehmerIn 150 &#8211; 200 Euro nach Selbsteinsch\u00e4tzung.<br>Helfertickets gibt es auf Anfrage.<br>Gegen 20 Euro Aufpreis k\u00f6nnt ihr auch gerne noch bis Montag nachmittag bei uns bleiben und das Event gemeinsam ausklingen lassen.<\/p>\n\n\n\n<p>Anmeldungen bitte sp\u00e4testens bis zum 6.10.24 als PN an 015733696978 auf Telegram oder per Mail an<br>Raumdertraeume.de@posteo.de<\/p>\n\n\n\n<p>Meet you on the dancefloor!<\/p>\n\n\n\n<p>Euer Lukas<\/p>\n\n\n\n<p>\u2b50\ufe0f<\/p>\n\n\n\n<p>\u201aPut your body in motion and your psyche will heal itself.\u2018<\/p>\n\n\n\n<ul>\n<li>Gabrielle Roth<\/li>\n<\/ul>","protected":false},"excerpt":{"rendered":"<p>Contactimpro Wochenende Hauptthema: \u201aTanz dein \ud83d\udc97!\u2018 weitere Themen: Heilungspotenzial, Spiralen im K\u00f6rper, Kipppunkte, Wege zum Boden und zur\u00fcck, \u201aContemplative Dance<\/p>","protected":false},"author":2,"featured_media":0,"parent":0,"menu_order":0,"comment_status":"closed","ping_status":"closed","template":"","meta":[],"yoast_head":"<!-- This site is optimized with the Yoast SEO plugin v20.8 - https:\/\/yoast.com\/wordpress\/plugins\/seo\/ -->\n<title>Tanze dein Herz - Contact Improvisation - ACRONYX<\/title>\n<meta name=\"robots\" content=\"index, follow, max-snippet:-1, max-image-preview:large, max-video-preview:-1\" \/>\n<link rel=\"canonical\" href=\"https:\/\/acronyx.org\/en\/oeffne-dein-herz-contact-improvisation\/\" \/>\n<meta property=\"og:locale\" content=\"en_US\" \/>\n<meta property=\"og:type\" content=\"article\" \/>\n<meta property=\"og:title\" content=\"Tanze dein Herz - Contact Improvisation - ACRONYX\" \/>\n<meta property=\"og:description\" content=\"Contactimpro Wochenende Hauptthema: \u201aTanz dein \ud83d\udc97!\u2018 weitere Themen: Heilungspotenzial, Spiralen im K\u00f6rper, Kipppunkte, Wege zum Boden und zur\u00fcck, \u201aContemplative Dance\" \/>\n<meta property=\"og:url\" content=\"https:\/\/acronyx.org\/en\/oeffne-dein-herz-contact-improvisation\/\" \/>\n<meta property=\"og:site_name\" content=\"ACRONYX\" \/>\n<meta property=\"article:modified_time\" content=\"2024-09-30T07:00:33+00:00\" \/>\n<meta name=\"twitter:card\" content=\"summary_large_image\" \/>\n<meta name=\"twitter:label1\" content=\"Est. reading time\" \/>\n\t<meta name=\"twitter:data1\" content=\"2 minutes\" \/>\n<script type=\"application\/ld+json\" class=\"yoast-schema-graph\">{\"@context\":\"https:\/\/schema.org\",\"@graph\":[{\"@type\":\"WebPage\",\"@id\":\"https:\/\/acronyx.org\/oeffne-dein-herz-contact-improvisation\/\",\"url\":\"https:\/\/acronyx.org\/oeffne-dein-herz-contact-improvisation\/\",\"name\":\"Tanze dein Herz - Contact Improvisation - ACRONYX\",\"isPartOf\":{\"@id\":\"https:\/\/acronyx.org\/#website\"},\"datePublished\":\"2024-09-30T06:59:42+00:00\",\"dateModified\":\"2024-09-30T07:00:33+00:00\",\"breadcrumb\":{\"@id\":\"https:\/\/acronyx.org\/oeffne-dein-herz-contact-improvisation\/#breadcrumb\"},\"inLanguage\":\"en-US\",\"potentialAction\":[{\"@type\":\"ReadAction\",\"target\":[\"https:\/\/acronyx.org\/oeffne-dein-herz-contact-improvisation\/\"]}]},{\"@type\":\"BreadcrumbList\",\"@id\":\"https:\/\/acronyx.org\/oeffne-dein-herz-contact-improvisation\/#breadcrumb\",\"itemListElement\":[{\"@type\":\"ListItem\",\"position\":1,\"name\":\"Startseite\",\"item\":\"https:\/\/acronyx.org\/\"},{\"@type\":\"ListItem\",\"position\":2,\"name\":\"Tanze dein Herz &#8211; Contact Improvisation\"}]},{\"@type\":\"WebSite\",\"@id\":\"https:\/\/acronyx.org\/#website\",\"url\":\"https:\/\/acronyx.org\/\",\"name\":\"ACRONYX\",\"description\":\"\",\"publisher\":{\"@id\":\"https:\/\/acronyx.org\/#organization\"},\"potentialAction\":[{\"@type\":\"SearchAction\",\"target\":{\"@type\":\"EntryPoint\",\"urlTemplate\":\"https:\/\/acronyx.org\/?s={search_term_string}\"},\"query-input\":\"required name=search_term_string\"}],\"inLanguage\":\"en-US\"},{\"@type\":\"Organization\",\"@id\":\"https:\/\/acronyx.org\/#organization\",\"name\":\"ACRONYX\",\"url\":\"https:\/\/acronyx.org\/\",\"logo\":{\"@type\":\"ImageObject\",\"inLanguage\":\"en-US\",\"@id\":\"https:\/\/acronyx.org\/#\/schema\/logo\/image\/\",\"url\":\"https:\/\/acronyx.org\/wp-content\/uploads\/2022\/01\/cropped-Om-Bild.jpg\",\"contentUrl\":\"https:\/\/acronyx.org\/wp-content\/uploads\/2022\/01\/cropped-Om-Bild.jpg\",\"width\":400,\"height\":400,\"caption\":\"ACRONYX\"},\"image\":{\"@id\":\"https:\/\/acronyx.org\/#\/schema\/logo\/image\/\"}}]}<\/script>\n<!-- \/ Yoast SEO plugin. -->","yoast_head_json":{"title":"Tanze dein Herz - Contact Improvisation - ACRONYX","robots":{"index":"index","follow":"follow","max-snippet":"max-snippet:-1","max-image-preview":"max-image-preview:large","max-video-preview":"max-video-preview:-1"},"canonical":"https:\/\/acronyx.org\/en\/oeffne-dein-herz-contact-improvisation\/","og_locale":"en_US","og_type":"article","og_title":"Tanze dein Herz - Contact Improvisation - ACRONYX","og_description":"Contactimpro Wochenende Hauptthema: \u201aTanz dein \ud83d\udc97!\u2018 weitere Themen: Heilungspotenzial, Spiralen im K\u00f6rper, Kipppunkte, Wege zum Boden und zur\u00fcck, \u201aContemplative Dance","og_url":"https:\/\/acronyx.org\/en\/oeffne-dein-herz-contact-improvisation\/","og_site_name":"ACRONYX","article_modified_time":"2024-09-30T07:00:33+00:00","twitter_card":"summary_large_image","twitter_misc":{"Est. reading time":"2 minutes"},"schema":{"@context":"https:\/\/schema.org","@graph":[{"@type":"WebPage","@id":"https:\/\/acronyx.org\/oeffne-dein-herz-contact-improvisation\/","url":"https:\/\/acronyx.org\/oeffne-dein-herz-contact-improvisation\/","name":"Tanze dein Herz - Contact Improvisation - ACRONYX","isPartOf":{"@id":"https:\/\/acronyx.org\/#website"},"datePublished":"2024-09-30T06:59:42+00:00","dateModified":"2024-09-30T07:00:33+00:00","breadcrumb":{"@id":"https:\/\/acronyx.org\/oeffne-dein-herz-contact-improvisation\/#breadcrumb"},"inLanguage":"en-US","potentialAction":[{"@type":"ReadAction","target":["https:\/\/acronyx.org\/oeffne-dein-herz-contact-improvisation\/"]}]},{"@type":"BreadcrumbList","@id":"https:\/\/acronyx.org\/oeffne-dein-herz-contact-improvisation\/#breadcrumb","itemListElement":[{"@type":"ListItem","position":1,"name":"Startseite","item":"https:\/\/acronyx.org\/"},{"@type":"ListItem","position":2,"name":"Tanze dein Herz &#8211; Contact Improvisation"}]},{"@type":"WebSite","@id":"https:\/\/acronyx.org\/#website","url":"https:\/\/acronyx.org\/","name":"ACRONYX","description":"","publisher":{"@id":"https:\/\/acronyx.org\/#organization"},"potentialAction":[{"@type":"SearchAction","target":{"@type":"EntryPoint","urlTemplate":"https:\/\/acronyx.org\/?s={search_term_string}"},"query-input":"required name=search_term_string"}],"inLanguage":"en-US"},{"@type":"Organization","@id":"https:\/\/acronyx.org\/#organization","name":"ACRONYX","url":"https:\/\/acronyx.org\/","logo":{"@type":"ImageObject","inLanguage":"en-US","@id":"https:\/\/acronyx.org\/#\/schema\/logo\/image\/","url":"https:\/\/acronyx.org\/wp-content\/uploads\/2022\/01\/cropped-Om-Bild.jpg","contentUrl":"https:\/\/acronyx.org\/wp-content\/uploads\/2022\/01\/cropped-Om-Bild.jpg","width":400,"height":400,"caption":"ACRONYX"},"image":{"@id":"https:\/\/acronyx.org\/#\/schema\/logo\/image\/"}}]}},"_links":{"self":[{"href":"https:\/\/acronyx.org\/en\/wp-json\/wp\/v2\/pages\/2132"}],"collection":[{"href":"https:\/\/acronyx.org\/en\/wp-json\/wp\/v2\/pages"}],"about":[{"href":"https:\/\/acronyx.org\/en\/wp-json\/wp\/v2\/types\/page"}],"author":[{"embeddable":true,"href":"https:\/\/acronyx.org\/en\/wp-json\/wp\/v2\/users\/2"}],"replies":[{"embeddable":true,"href":"https:\/\/acronyx.org\/en\/wp-json\/wp\/v2\/comments?post=2132"}],"version-history":[{"count":2,"href":"https:\/\/acronyx.org\/en\/wp-json\/wp\/v2\/pages\/2132\/revisions"}],"predecessor-version":[{"id":2134,"href":"https:\/\/acronyx.org\/en\/wp-json\/wp\/v2\/pages\/2132\/revisions\/2134"}],"wp:attachment":[{"href":"https:\/\/acronyx.org\/en\/wp-json\/wp\/v2\/media?parent=2132"}],"curies":[{"name":"wp","href":"https:\/\/api.w.org\/{rel}","templated":true}]}}