{"id":1590,"date":"2024-01-28T10:10:46","date_gmt":"2024-01-28T09:10:46","guid":{"rendered":"https:\/\/acronyx.org\/?page_id=1590"},"modified":"2024-04-11T10:50:41","modified_gmt":"2024-04-11T08:50:41","slug":"contact-improvisation-mit-luki-und-anna-12-15-april","status":"publish","type":"page","link":"https:\/\/acronyx.org\/en\/contact-improvisation-mit-luki-und-anna-12-15-april\/","title":{"rendered":"CONTACT IMPROVISATION mit Luki und Anna 12. &#8211; 15. April"},"content":{"rendered":"<figure class=\"wp-block-gallery has-nested-images columns-default is-cropped wp-block-gallery-1 is-layout-flex\"><\/figure>\n\n\n\n<figure class=\"wp-block-gallery has-nested-images columns-default is-cropped wp-block-gallery-3 is-layout-flex\">\n<figure class=\"wp-block-image size-large\"><img decoding=\"async\" loading=\"lazy\" width=\"683\" height=\"1024\" data-id=\"1481\"  src=\"https:\/\/acronyx.org\/wp-content\/uploads\/2024\/01\/230823-Acronyx-90648-WEB-683x1024.jpg\" alt=\"\" class=\"wp-image-1481\" srcset=\"https:\/\/acronyx.org\/wp-content\/uploads\/2024\/01\/230823-Acronyx-90648-WEB-683x1024.jpg 683w, https:\/\/acronyx.org\/wp-content\/uploads\/2024\/01\/230823-Acronyx-90648-WEB-200x300.jpg 200w, https:\/\/acronyx.org\/wp-content\/uploads\/2024\/01\/230823-Acronyx-90648-WEB-768x1152.jpg 768w, https:\/\/acronyx.org\/wp-content\/uploads\/2024\/01\/230823-Acronyx-90648-WEB-1024x1536.jpg 1024w, https:\/\/acronyx.org\/wp-content\/uploads\/2024\/01\/230823-Acronyx-90648-WEB-8x12.jpg 8w, https:\/\/acronyx.org\/wp-content\/uploads\/2024\/01\/230823-Acronyx-90648-WEB.jpg 1365w\" sizes=\"(max-width: 683px) 100vw, 683px\" \/><\/figure>\n<\/figure>\n\n\n\n<figure class=\"wp-block-gallery has-nested-images columns-default is-cropped wp-block-gallery-5 is-layout-flex\"><\/figure>\n\n\n\n<figure class=\"wp-block-gallery has-nested-images columns-default is-cropped wp-block-gallery-7 is-layout-flex\"><\/figure>\n\n\n\n<figure class=\"wp-block-gallery has-nested-images columns-default is-cropped wp-block-gallery-9 is-layout-flex\"><\/figure>\n\n\n\n<p><strong>Ich liebe die grossen und kleinen \u00dcberraschungen, die beim Contact immer wieder stattfinden.<\/strong> Das Gef\u00fchl einer unendlichen Spielwiese. Wie sehr ich innerlich und \u00e4usserlich bewegt werde. Und wie sehr dadurch meine Wahrnehmung und Freude am Dasein im Laufe der Jahre vertieft wurden. Daf\u00fcr bin ich sehr dankbar. Contact ist f\u00fcr mich wie ein wundervoller guter Freund, auf den ich mich stets verlassen kann wie auf die Gravitation. Ich kann mich fallen lassen und werde vom Erdboden aufgefangen. Ich kann mich anlehnen, mein Gewicht abgeben, mit mehreren Menschen gleichzeitig tanzen und die verschiedenen Facetten dieser Art zusammen zu sein erfahren.<br>Seit nunmehr 52 Jahren wird diese Tanzform stetig weiter entwickelt. Und ich war nun zum 2. Mal f\u00fcr mehrere Monate in Indien\/Goa und habe dort mit einer Gruppe von tanzbegeisterten Menschen viel experimentiert und unter anderem auch 2 Contactfestivals betanzt. Und ich m\u00f6chte einen Teil dieser neuen Impulse und Ideen und Formate wiederrum mit euch teilen. Wir werden gemeinsam eine 5-t\u00e4gige Reise unternehmen und ganz viel Raum haben zum lauschen, f\u00fchlen, erforschen, bewegen, spielen, ausdehnen, ausruhen und sein.<br>Ich freue mich auf euch!<\/p>\n\n\n\n<p> Luki<\/p>\n\n\n\n<p><\/p>\n\n\n\n<p><\/p>\n\n\n\n<p><\/p>","protected":false},"excerpt":{"rendered":"<p>Ich liebe die grossen und kleinen \u00dcberraschungen, die beim Contact immer wieder stattfinden. Das Gef\u00fchl einer unendlichen Spielwiese. Wie sehr<\/p>","protected":false},"author":2,"featured_media":0,"parent":0,"menu_order":0,"comment_status":"closed","ping_status":"closed","template":"","meta":[],"yoast_head":"<!-- This site is optimized with the Yoast SEO plugin v20.8 - https:\/\/yoast.com\/wordpress\/plugins\/seo\/ -->\n<title>CONTACT IMPROVISATION mit Luki und Anna 12. - 15. April - ACRONYX<\/title>\n<meta name=\"robots\" content=\"index, follow, max-snippet:-1, max-image-preview:large, max-video-preview:-1\" \/>\n<link rel=\"canonical\" href=\"https:\/\/acronyx.org\/en\/contact-improvisation-mit-luki-und-anna-12-15-april\/\" \/>\n<meta property=\"og:locale\" content=\"en_US\" \/>\n<meta property=\"og:type\" content=\"article\" \/>\n<meta property=\"og:title\" content=\"CONTACT IMPROVISATION mit Luki und Anna 12. - 15. April - ACRONYX\" \/>\n<meta property=\"og:description\" content=\"Ich liebe die grossen und kleinen \u00dcberraschungen, die beim Contact immer wieder stattfinden. Das Gef\u00fchl einer unendlichen Spielwiese. Wie sehr\" \/>\n<meta property=\"og:url\" content=\"https:\/\/acronyx.org\/en\/contact-improvisation-mit-luki-und-anna-12-15-april\/\" \/>\n<meta property=\"og:site_name\" content=\"ACRONYX\" \/>\n<meta property=\"article:modified_time\" content=\"2024-04-11T08:50:41+00:00\" \/>\n<meta property=\"og:image\" content=\"https:\/\/acronyx.org\/wp-content\/uploads\/2024\/01\/230823-Acronyx-90648-WEB-683x1024.jpg\" \/>\n<meta name=\"twitter:card\" content=\"summary_large_image\" \/>\n<meta name=\"twitter:label1\" content=\"Est. reading time\" \/>\n\t<meta name=\"twitter:data1\" content=\"2 minutes\" \/>\n<script type=\"application\/ld+json\" class=\"yoast-schema-graph\">{\"@context\":\"https:\/\/schema.org\",\"@graph\":[{\"@type\":\"WebPage\",\"@id\":\"https:\/\/acronyx.org\/contact-improvisation-mit-luki-und-anna-12-15-april\/\",\"url\":\"https:\/\/acronyx.org\/contact-improvisation-mit-luki-und-anna-12-15-april\/\",\"name\":\"CONTACT IMPROVISATION mit Luki und Anna 12. - 15. April - ACRONYX\",\"isPartOf\":{\"@id\":\"https:\/\/acronyx.org\/#website\"},\"datePublished\":\"2024-01-28T09:10:46+00:00\",\"dateModified\":\"2024-04-11T08:50:41+00:00\",\"breadcrumb\":{\"@id\":\"https:\/\/acronyx.org\/contact-improvisation-mit-luki-und-anna-12-15-april\/#breadcrumb\"},\"inLanguage\":\"en-US\",\"potentialAction\":[{\"@type\":\"ReadAction\",\"target\":[\"https:\/\/acronyx.org\/contact-improvisation-mit-luki-und-anna-12-15-april\/\"]}]},{\"@type\":\"BreadcrumbList\",\"@id\":\"https:\/\/acronyx.org\/contact-improvisation-mit-luki-und-anna-12-15-april\/#breadcrumb\",\"itemListElement\":[{\"@type\":\"ListItem\",\"position\":1,\"name\":\"Startseite\",\"item\":\"https:\/\/acronyx.org\/\"},{\"@type\":\"ListItem\",\"position\":2,\"name\":\"CONTACT IMPROVISATION mit Luki und Anna 12. &#8211; 15. April\"}]},{\"@type\":\"WebSite\",\"@id\":\"https:\/\/acronyx.org\/#website\",\"url\":\"https:\/\/acronyx.org\/\",\"name\":\"ACRONYX\",\"description\":\"\",\"publisher\":{\"@id\":\"https:\/\/acronyx.org\/#organization\"},\"potentialAction\":[{\"@type\":\"SearchAction\",\"target\":{\"@type\":\"EntryPoint\",\"urlTemplate\":\"https:\/\/acronyx.org\/?s={search_term_string}\"},\"query-input\":\"required name=search_term_string\"}],\"inLanguage\":\"en-US\"},{\"@type\":\"Organization\",\"@id\":\"https:\/\/acronyx.org\/#organization\",\"name\":\"ACRONYX\",\"url\":\"https:\/\/acronyx.org\/\",\"logo\":{\"@type\":\"ImageObject\",\"inLanguage\":\"en-US\",\"@id\":\"https:\/\/acronyx.org\/#\/schema\/logo\/image\/\",\"url\":\"https:\/\/acronyx.org\/wp-content\/uploads\/2022\/01\/cropped-Om-Bild.jpg\",\"contentUrl\":\"https:\/\/acronyx.org\/wp-content\/uploads\/2022\/01\/cropped-Om-Bild.jpg\",\"width\":400,\"height\":400,\"caption\":\"ACRONYX\"},\"image\":{\"@id\":\"https:\/\/acronyx.org\/#\/schema\/logo\/image\/\"}}]}<\/script>\n<!-- \/ Yoast SEO plugin. -->","yoast_head_json":{"title":"CONTACT IMPROVISATION mit Luki und Anna 12. - 15. April - ACRONYX","robots":{"index":"index","follow":"follow","max-snippet":"max-snippet:-1","max-image-preview":"max-image-preview:large","max-video-preview":"max-video-preview:-1"},"canonical":"https:\/\/acronyx.org\/en\/contact-improvisation-mit-luki-und-anna-12-15-april\/","og_locale":"en_US","og_type":"article","og_title":"CONTACT IMPROVISATION mit Luki und Anna 12. - 15. April - ACRONYX","og_description":"Ich liebe die grossen und kleinen \u00dcberraschungen, die beim Contact immer wieder stattfinden. Das Gef\u00fchl einer unendlichen Spielwiese. Wie sehr","og_url":"https:\/\/acronyx.org\/en\/contact-improvisation-mit-luki-und-anna-12-15-april\/","og_site_name":"ACRONYX","article_modified_time":"2024-04-11T08:50:41+00:00","og_image":[{"url":"https:\/\/acronyx.org\/wp-content\/uploads\/2024\/01\/230823-Acronyx-90648-WEB-683x1024.jpg"}],"twitter_card":"summary_large_image","twitter_misc":{"Est. reading time":"2 minutes"},"schema":{"@context":"https:\/\/schema.org","@graph":[{"@type":"WebPage","@id":"https:\/\/acronyx.org\/contact-improvisation-mit-luki-und-anna-12-15-april\/","url":"https:\/\/acronyx.org\/contact-improvisation-mit-luki-und-anna-12-15-april\/","name":"CONTACT IMPROVISATION mit Luki und Anna 12. - 15. April - ACRONYX","isPartOf":{"@id":"https:\/\/acronyx.org\/#website"},"datePublished":"2024-01-28T09:10:46+00:00","dateModified":"2024-04-11T08:50:41+00:00","breadcrumb":{"@id":"https:\/\/acronyx.org\/contact-improvisation-mit-luki-und-anna-12-15-april\/#breadcrumb"},"inLanguage":"en-US","potentialAction":[{"@type":"ReadAction","target":["https:\/\/acronyx.org\/contact-improvisation-mit-luki-und-anna-12-15-april\/"]}]},{"@type":"BreadcrumbList","@id":"https:\/\/acronyx.org\/contact-improvisation-mit-luki-und-anna-12-15-april\/#breadcrumb","itemListElement":[{"@type":"ListItem","position":1,"name":"Startseite","item":"https:\/\/acronyx.org\/"},{"@type":"ListItem","position":2,"name":"CONTACT IMPROVISATION mit Luki und Anna 12. &#8211; 15. April"}]},{"@type":"WebSite","@id":"https:\/\/acronyx.org\/#website","url":"https:\/\/acronyx.org\/","name":"ACRONYX","description":"","publisher":{"@id":"https:\/\/acronyx.org\/#organization"},"potentialAction":[{"@type":"SearchAction","target":{"@type":"EntryPoint","urlTemplate":"https:\/\/acronyx.org\/?s={search_term_string}"},"query-input":"required name=search_term_string"}],"inLanguage":"en-US"},{"@type":"Organization","@id":"https:\/\/acronyx.org\/#organization","name":"ACRONYX","url":"https:\/\/acronyx.org\/","logo":{"@type":"ImageObject","inLanguage":"en-US","@id":"https:\/\/acronyx.org\/#\/schema\/logo\/image\/","url":"https:\/\/acronyx.org\/wp-content\/uploads\/2022\/01\/cropped-Om-Bild.jpg","contentUrl":"https:\/\/acronyx.org\/wp-content\/uploads\/2022\/01\/cropped-Om-Bild.jpg","width":400,"height":400,"caption":"ACRONYX"},"image":{"@id":"https:\/\/acronyx.org\/#\/schema\/logo\/image\/"}}]}},"_links":{"self":[{"href":"https:\/\/acronyx.org\/en\/wp-json\/wp\/v2\/pages\/1590"}],"collection":[{"href":"https:\/\/acronyx.org\/en\/wp-json\/wp\/v2\/pages"}],"about":[{"href":"https:\/\/acronyx.org\/en\/wp-json\/wp\/v2\/types\/page"}],"author":[{"embeddable":true,"href":"https:\/\/acronyx.org\/en\/wp-json\/wp\/v2\/users\/2"}],"replies":[{"embeddable":true,"href":"https:\/\/acronyx.org\/en\/wp-json\/wp\/v2\/comments?post=1590"}],"version-history":[{"count":9,"href":"https:\/\/acronyx.org\/en\/wp-json\/wp\/v2\/pages\/1590\/revisions"}],"predecessor-version":[{"id":1950,"href":"https:\/\/acronyx.org\/en\/wp-json\/wp\/v2\/pages\/1590\/revisions\/1950"}],"wp:attachment":[{"href":"https:\/\/acronyx.org\/en\/wp-json\/wp\/v2\/media?parent=1590"}],"curies":[{"name":"wp","href":"https:\/\/api.w.org\/{rel}","templated":true}]}}