{"id":1555,"date":"2024-01-25T15:11:20","date_gmt":"2024-01-25T14:11:20","guid":{"rendered":"https:\/\/acronyx.org\/?page_id=1555"},"modified":"2026-02-20T10:15:05","modified_gmt":"2026-02-20T09:15:05","slug":"acronyx-gut-steimke","status":"publish","type":"page","link":"https:\/\/acronyx.org\/en\/acronyx-gut-steimke\/","title":{"rendered":"ACRONYX FESTIVAL 2026 auf dem GUT STEIMKE"},"content":{"rendered":"<h2 class=\"wp-block-heading\"><a href=\"https:\/\/acronyx.org\/en\/acronyx-gut-steimke\/\">15. &#8211; 24. Mai ACRONYX FESTIVAL GUT STEIMKE<\/a><\/h2>\n\n\n\n<h2 class=\"wp-block-heading\"><a href=\"https:\/\/acronyx.org\/en\/acronyx-gut-steimke\/\">24. Juli &#8211; 2. August 2026 ACRONYX FESTIVAL GUT STEIMKE<\/a><\/h2>\n\n\n\n<h2 class=\"wp-block-heading\"><a href=\"https:\/\/acronyx.org\/en\/acronyx-gut-steimke\/\">4. &#8211; 13. September ACRONYX FESTIVAL GUT STEIMKE<\/a><\/h2>\n\n\n\n<p>_______________________________________________________________________________________________________________________<\/p>\n\n\n<p><iframe loading=\"lazy\" title=\"Acronyx {Acroyoga} Festival - Sommer 2023 Aftermovie OFFICIAL\" width=\"800\" height=\"450\" src=\"https:\/\/www.youtube.com\/embed\/jHGpzV-YVOk?feature=oembed\" frameborder=\"0\" allow=\"accelerometer; autoplay; clipboard-write; encrypted-media; gyroscope; picture-in-picture; web-share\" referrerpolicy=\"strict-origin-when-cross-origin\" allowfullscreen><\/iframe><\/p>\n\n\n\n<h2 class=\"wp-block-heading has-text-align-center\">ACRONYX FESTIVAL<\/h2>\n\n\n\n<h2 class=\"wp-block-heading has-text-align-center\">LIEBE \u272f FREIHEIT \u272f MITGEF\u00dcHL<\/h2>\n\n\n\n<h2 class=\"wp-block-heading has-text-align-center\">Spirit \u2606 Acroyoga \u2606 Contact Impro \u2606 Musik \u2606 Akrobatik \u2606 Yoga<\/h2>\n\n\n\n<h2 class=\"wp-block-heading has-text-align-center\"><a href=\"https:\/\/acronyx.org\/en\/asanas\/\">HIER KLICKEN ZUR ACRONYX ANMELDUNG<\/a><\/h2>\n\n\n\n<h2 class=\"wp-block-heading\"><\/h2>\n\n\n\n<p>Stellt euch einen richtig sch\u00f6nen Ort vor. Ja, sehr gut. Und jetzt noch besser! Das ungef\u00e4hr k\u00f6nnte dem Gut Steimke entsprechen.<br>Frei laufende Tiere wie im Paradies, eine wettergesch\u00fctzte Scheune zum Trainieren und Sein, gr\u00fcne Wiesen, ein wundersch\u00f6nes Kletterger\u00fcst f\u00fcr Klein &amp; Gro\u00df, kreative bunte Menschen, ein gro\u00dfer \u00fcberdachter Essbereich. Dazu das fr\u00f6hliche B\u00e4chlein Ahle, an deren Ufer direkt die Sauna und der Zuber auf dich warten. Wir freuen uns alle sehr, dorthin zur\u00fcckzukehren und laden alle ein, dazu zu kommen.<\/p>\n\n\n\n<p>Wie gewohnt, steht wieder die Verbindung von Acroyoga, Akrobatik, Contact Improvisation, Musik, Yoga und Spiritualit\u00e4t im Mittelpunkt.<\/p>\n\n\n\n<p>There will be plenty of space to fly, dance, try things out and play for anyone who wants to learn something new.<\/p>\n\n\n\n<p>Das Programm f\u00fcr die n\u00e4chsten 24 Stunden wird wie immer um 14 Uhr vor Ort vorgestellt.<\/p>\n\n\n\n<p>Jeder ist willkommen und bereichert unser Miteinander, egal ob Anf\u00e4nger oder Fortgeschrittener,<\/p>\n\n\n\n<p>es wird f\u00fcr alle spannende Workshops und neue Inspiration geben.<\/p>\n\n\n\n<p>Relaxen k\u00f6nnt ihr beim Yoga, bei unseren Massagen, in der Sauna, in der Tiefenentspannung, <a href=\"https:\/\/energieatmen.org\/\">while breathing energy in the color wheel, <\/a>am Lagerfeuer oder in den Kuschelkreisen. Auch wird es einen Firespace geben.<\/p>\n\n\n\n<p>Und nat\u00fcrlich werden auch dieses Mal wundervolle magische Jams mit Livemusik, leckere vegane Vollverpflegung und gemeinsame Singkreise wieder unser Festival bereichern. Ebenso wird es wieder einen Renegade mit Open Stage geben. Wir freuen uns auf Eure Beitr\u00e4ge!<\/p>\n\n\n\n<p>As usual, you will also have the opportunity to share your ideas and talents with others at the Open Workshops.<\/p>\n\n\n\n<p>Los geht es am ersten Festivaltag um 19 Uhr mit dem Willkommenskreis und um 20 Uhr beginnt das Abendprogramm mit Workshops.<\/p>\n\n\n\n<p>Am letzten Festivaltag gibt es wie gewohnt noch bis in die Nacht Programm. Ihr k\u00f6nnt auch da gerne noch \u00fcbernachten. Abbauen werden wir ab dem 1. Tag nach dem Festival.<\/p>\n\n\n\n<p>Ihr k\u00f6nnt Tag und Nacht jederzeit ankommen wie ihr m\u00f6chtet. Ihr k\u00f6nnt auch schon den Abend vor eurem ersten Festivaltag ankommen.<\/p>\n\n\n\n<p>Die Anmeldung ist Mittags von 13 bis 14 Uhr  und Abends ab 19 Uhr ge\u00f6ffnet.<\/p>\n\n\n\n<p>Zelten k\u00f6nnt ihr kostenlos auf dem Festivalgel\u00e4nde. Ebenso ist dort auch Platz f\u00fcr euren Camper. Dort gibt es auch warme Duschen.<\/p>\n\n\n\n<p>Im Festivalticket sind vegane Vollverpflegung, Kaffee und Tee, alle Workshops und \u00dcbernachtung mit Zelt oder Wohnmobil inbegriffen.<\/p>\n\n\n\n<p>Wir freuen uns schon riesig auf Euch und wundervolle Tage voller sch\u00f6ner Begegnungen und vielen neuen gemeinsamen Erfahrungen.<\/p>\n\n\n\n<h2 class=\"wp-block-heading\"><a href=\"https:\/\/acronyx.org\/en\/asanas\/\">HIER KLICKEN ZUR ACRONYX ANMELDUNG<\/a><\/h2>\n\n\n\n<h2 class=\"wp-block-heading\">UNTER ANDEREM ERWARTET EUCH<\/h2>\n\n\n\n<p>Among other things you can expect:<\/p>\n\n\n\n<p>Acroyoga<\/p>\n\n\n\n<p>Acrobatics<\/p>\n\n\n\n<p>Contact Improvisation<\/p>\n\n\n\n<p>Breathing energy in the color wheel<\/p>\n\n\n\n<p>Tanzakrobatik<\/p>\n\n\n\n<p>Dances<\/p>\n\n\n\n<p>Sauna<\/p>\n\n\n\n<p>Unser hei\u00dfer Zuber<\/p>\n\n\n\n<p>Live music, DJs &amp; singing groups<\/p>\n\n\n\n<p>Spirituality &amp; Meditation<\/p>\n\n\n\n<p>Yoga<\/p>\n\n\n\n<p>Shibari<\/p>\n\n\n\n<p>Ecstatic Dance<\/p>\n\n\n\n<p>Firespace<\/p>\n\n\n\n<p>Tantra<\/p>\n\n\n\n<p>Cuddling circles<\/p>\n\n\n\n<p>Schmetterlingspark mit Eintritt in Uslar<\/p>\n\n\n\n<p><\/p>\n\n\n\n<figure class=\"wp-block-gallery has-nested-images columns-default is-cropped wp-block-gallery-1 is-layout-flex\">\n<figure class=\"wp-block-image size-large\"><img decoding=\"async\" loading=\"lazy\" width=\"1024\" height=\"683\" data-id=\"1559\"  src=\"https:\/\/acronyx.org\/wp-content\/uploads\/2024\/01\/230823-Acronyx-87340-WEB-1-1024x683.jpg\" alt=\"\" class=\"wp-image-1559\" srcset=\"https:\/\/acronyx.org\/wp-content\/uploads\/2024\/01\/230823-Acronyx-87340-WEB-1-1024x683.jpg 1024w, https:\/\/acronyx.org\/wp-content\/uploads\/2024\/01\/230823-Acronyx-87340-WEB-1-300x200.jpg 300w, https:\/\/acronyx.org\/wp-content\/uploads\/2024\/01\/230823-Acronyx-87340-WEB-1-768x512.jpg 768w, https:\/\/acronyx.org\/wp-content\/uploads\/2024\/01\/230823-Acronyx-87340-WEB-1-1536x1024.jpg 1536w, https:\/\/acronyx.org\/wp-content\/uploads\/2024\/01\/230823-Acronyx-87340-WEB-1-18x12.jpg 18w, https:\/\/acronyx.org\/wp-content\/uploads\/2024\/01\/230823-Acronyx-87340-WEB-1.jpg 2048w\" sizes=\"(max-width: 1024px) 100vw, 1024px\" \/><\/figure>\n\n\n\n<figure class=\"wp-block-image size-large\"><img decoding=\"async\" loading=\"lazy\" width=\"683\" height=\"1024\" data-id=\"1560\"  src=\"https:\/\/acronyx.org\/wp-content\/uploads\/2024\/01\/230825-Acronyx-88899-WEB-1-683x1024.jpg\" alt=\"\" class=\"wp-image-1560\" srcset=\"https:\/\/acronyx.org\/wp-content\/uploads\/2024\/01\/230825-Acronyx-88899-WEB-1-683x1024.jpg 683w, https:\/\/acronyx.org\/wp-content\/uploads\/2024\/01\/230825-Acronyx-88899-WEB-1-200x300.jpg 200w, https:\/\/acronyx.org\/wp-content\/uploads\/2024\/01\/230825-Acronyx-88899-WEB-1-768x1152.jpg 768w, https:\/\/acronyx.org\/wp-content\/uploads\/2024\/01\/230825-Acronyx-88899-WEB-1-1024x1536.jpg 1024w, https:\/\/acronyx.org\/wp-content\/uploads\/2024\/01\/230825-Acronyx-88899-WEB-1-8x12.jpg 8w, https:\/\/acronyx.org\/wp-content\/uploads\/2024\/01\/230825-Acronyx-88899-WEB-1.jpg 1365w\" sizes=\"(max-width: 683px) 100vw, 683px\" \/><\/figure>\n\n\n\n<figure class=\"wp-block-image size-large\"><img decoding=\"async\" loading=\"lazy\" width=\"683\" height=\"1024\" data-id=\"1517\"  src=\"https:\/\/acronyx.org\/wp-content\/uploads\/2024\/01\/230827-Acronyx-96753-WEB-683x1024.jpg\" alt=\"\" class=\"wp-image-1517\" srcset=\"https:\/\/acronyx.org\/wp-content\/uploads\/2024\/01\/230827-Acronyx-96753-WEB-683x1024.jpg 683w, https:\/\/acronyx.org\/wp-content\/uploads\/2024\/01\/230827-Acronyx-96753-WEB-200x300.jpg 200w, https:\/\/acronyx.org\/wp-content\/uploads\/2024\/01\/230827-Acronyx-96753-WEB-768x1152.jpg 768w, https:\/\/acronyx.org\/wp-content\/uploads\/2024\/01\/230827-Acronyx-96753-WEB-1024x1536.jpg 1024w, https:\/\/acronyx.org\/wp-content\/uploads\/2024\/01\/230827-Acronyx-96753-WEB-8x12.jpg 8w, https:\/\/acronyx.org\/wp-content\/uploads\/2024\/01\/230827-Acronyx-96753-WEB.jpg 1365w\" sizes=\"(max-width: 683px) 100vw, 683px\" \/><\/figure>\n\n\n\n<figure class=\"wp-block-image size-large\"><img decoding=\"async\" loading=\"lazy\" width=\"1024\" height=\"768\" data-id=\"1253\"  src=\"https:\/\/acronyx.org\/wp-content\/uploads\/2023\/10\/photo_2023-10-11_13-50-09-1024x768.jpg\" alt=\"\" class=\"wp-image-1253\" srcset=\"https:\/\/acronyx.org\/wp-content\/uploads\/2023\/10\/photo_2023-10-11_13-50-09-1024x768.jpg 1024w, https:\/\/acronyx.org\/wp-content\/uploads\/2023\/10\/photo_2023-10-11_13-50-09-300x225.jpg 300w, https:\/\/acronyx.org\/wp-content\/uploads\/2023\/10\/photo_2023-10-11_13-50-09-768x576.jpg 768w, https:\/\/acronyx.org\/wp-content\/uploads\/2023\/10\/photo_2023-10-11_13-50-09.jpg 1280w\" sizes=\"(max-width: 1024px) 100vw, 1024px\" \/><\/figure>\n\n\n\n<figure class=\"wp-block-image size-large\"><img decoding=\"async\" loading=\"lazy\" width=\"1024\" height=\"683\" data-id=\"1511\"  src=\"https:\/\/acronyx.org\/wp-content\/uploads\/2024\/01\/230827-Acronyx-96741-WEB-1024x683.jpg\" alt=\"\" class=\"wp-image-1511\" srcset=\"https:\/\/acronyx.org\/wp-content\/uploads\/2024\/01\/230827-Acronyx-96741-WEB-1024x683.jpg 1024w, https:\/\/acronyx.org\/wp-content\/uploads\/2024\/01\/230827-Acronyx-96741-WEB-300x200.jpg 300w, https:\/\/acronyx.org\/wp-content\/uploads\/2024\/01\/230827-Acronyx-96741-WEB-768x512.jpg 768w, https:\/\/acronyx.org\/wp-content\/uploads\/2024\/01\/230827-Acronyx-96741-WEB-1536x1024.jpg 1536w, https:\/\/acronyx.org\/wp-content\/uploads\/2024\/01\/230827-Acronyx-96741-WEB-18x12.jpg 18w, https:\/\/acronyx.org\/wp-content\/uploads\/2024\/01\/230827-Acronyx-96741-WEB.jpg 2048w\" sizes=\"(max-width: 1024px) 100vw, 1024px\" \/><figcaption class=\"wp-element-caption\">DCIM210MEDIA<\/figcaption><\/figure>\n<\/figure>\n\n\n\n<p><\/p>","protected":false},"excerpt":{"rendered":"<p>15. &#8211; 24. Mai ACRONYX FESTIVAL GUT STEIMKE 24. Juli &#8211; 2. August 2026 ACRONYX FESTIVAL GUT STEIMKE 4. &#8211;<\/p>","protected":false},"author":2,"featured_media":0,"parent":0,"menu_order":0,"comment_status":"closed","ping_status":"closed","template":"","meta":[],"yoast_head":"<!-- This site is optimized with the Yoast SEO plugin v20.8 - https:\/\/yoast.com\/wordpress\/plugins\/seo\/ -->\n<title>ACRONYX FESTIVAL 2026 auf dem GUT STEIMKE - ACRONYX<\/title>\n<meta name=\"robots\" content=\"index, follow, max-snippet:-1, max-image-preview:large, max-video-preview:-1\" \/>\n<link rel=\"canonical\" href=\"https:\/\/acronyx.org\/en\/acronyx-gut-steimke\/\" \/>\n<meta property=\"og:locale\" content=\"en_US\" \/>\n<meta property=\"og:type\" content=\"article\" \/>\n<meta property=\"og:title\" content=\"ACRONYX FESTIVAL 2026 auf dem GUT STEIMKE - ACRONYX\" \/>\n<meta property=\"og:description\" content=\"15. &#8211; 24. Mai ACRONYX FESTIVAL GUT STEIMKE 24. Juli &#8211; 2. August 2026 ACRONYX FESTIVAL GUT STEIMKE 4. &#8211;\" \/>\n<meta property=\"og:url\" content=\"https:\/\/acronyx.org\/en\/acronyx-gut-steimke\/\" \/>\n<meta property=\"og:site_name\" content=\"ACRONYX\" \/>\n<meta property=\"article:modified_time\" content=\"2026-02-20T09:15:05+00:00\" \/>\n<meta property=\"og:image\" content=\"https:\/\/acronyx.org\/wp-content\/uploads\/2024\/01\/230823-Acronyx-87340-WEB-1-1024x683.jpg\" \/>\n<meta name=\"twitter:card\" content=\"summary_large_image\" \/>\n<meta name=\"twitter:label1\" content=\"Est. reading time\" \/>\n\t<meta name=\"twitter:data1\" content=\"4 minutes\" \/>\n<script type=\"application\/ld+json\" class=\"yoast-schema-graph\">{\"@context\":\"https:\/\/schema.org\",\"@graph\":[{\"@type\":\"WebPage\",\"@id\":\"https:\/\/acronyx.org\/acronyx-gut-steimke\/\",\"url\":\"https:\/\/acronyx.org\/acronyx-gut-steimke\/\",\"name\":\"ACRONYX FESTIVAL 2026 auf dem GUT STEIMKE - ACRONYX\",\"isPartOf\":{\"@id\":\"https:\/\/acronyx.org\/#website\"},\"datePublished\":\"2024-01-25T14:11:20+00:00\",\"dateModified\":\"2026-02-20T09:15:05+00:00\",\"breadcrumb\":{\"@id\":\"https:\/\/acronyx.org\/acronyx-gut-steimke\/#breadcrumb\"},\"inLanguage\":\"en-US\",\"potentialAction\":[{\"@type\":\"ReadAction\",\"target\":[\"https:\/\/acronyx.org\/acronyx-gut-steimke\/\"]}]},{\"@type\":\"BreadcrumbList\",\"@id\":\"https:\/\/acronyx.org\/acronyx-gut-steimke\/#breadcrumb\",\"itemListElement\":[{\"@type\":\"ListItem\",\"position\":1,\"name\":\"Startseite\",\"item\":\"https:\/\/acronyx.org\/\"},{\"@type\":\"ListItem\",\"position\":2,\"name\":\"ACRONYX FESTIVAL 2026 auf dem GUT STEIMKE\"}]},{\"@type\":\"WebSite\",\"@id\":\"https:\/\/acronyx.org\/#website\",\"url\":\"https:\/\/acronyx.org\/\",\"name\":\"ACRONYX\",\"description\":\"\",\"publisher\":{\"@id\":\"https:\/\/acronyx.org\/#organization\"},\"potentialAction\":[{\"@type\":\"SearchAction\",\"target\":{\"@type\":\"EntryPoint\",\"urlTemplate\":\"https:\/\/acronyx.org\/?s={search_term_string}\"},\"query-input\":\"required name=search_term_string\"}],\"inLanguage\":\"en-US\"},{\"@type\":\"Organization\",\"@id\":\"https:\/\/acronyx.org\/#organization\",\"name\":\"ACRONYX\",\"url\":\"https:\/\/acronyx.org\/\",\"logo\":{\"@type\":\"ImageObject\",\"inLanguage\":\"en-US\",\"@id\":\"https:\/\/acronyx.org\/#\/schema\/logo\/image\/\",\"url\":\"https:\/\/acronyx.org\/wp-content\/uploads\/2022\/01\/cropped-Om-Bild.jpg\",\"contentUrl\":\"https:\/\/acronyx.org\/wp-content\/uploads\/2022\/01\/cropped-Om-Bild.jpg\",\"width\":400,\"height\":400,\"caption\":\"ACRONYX\"},\"image\":{\"@id\":\"https:\/\/acronyx.org\/#\/schema\/logo\/image\/\"}}]}<\/script>\n<!-- \/ Yoast SEO plugin. -->","yoast_head_json":{"title":"ACRONYX FESTIVAL 2026 auf dem GUT STEIMKE - ACRONYX","robots":{"index":"index","follow":"follow","max-snippet":"max-snippet:-1","max-image-preview":"max-image-preview:large","max-video-preview":"max-video-preview:-1"},"canonical":"https:\/\/acronyx.org\/en\/acronyx-gut-steimke\/","og_locale":"en_US","og_type":"article","og_title":"ACRONYX FESTIVAL 2026 auf dem GUT STEIMKE - ACRONYX","og_description":"15. &#8211; 24. Mai ACRONYX FESTIVAL GUT STEIMKE 24. Juli &#8211; 2. August 2026 ACRONYX FESTIVAL GUT STEIMKE 4. &#8211;","og_url":"https:\/\/acronyx.org\/en\/acronyx-gut-steimke\/","og_site_name":"ACRONYX","article_modified_time":"2026-02-20T09:15:05+00:00","og_image":[{"url":"https:\/\/acronyx.org\/wp-content\/uploads\/2024\/01\/230823-Acronyx-87340-WEB-1-1024x683.jpg"}],"twitter_card":"summary_large_image","twitter_misc":{"Est. reading time":"4 minutes"},"schema":{"@context":"https:\/\/schema.org","@graph":[{"@type":"WebPage","@id":"https:\/\/acronyx.org\/acronyx-gut-steimke\/","url":"https:\/\/acronyx.org\/acronyx-gut-steimke\/","name":"ACRONYX FESTIVAL 2026 auf dem GUT STEIMKE - ACRONYX","isPartOf":{"@id":"https:\/\/acronyx.org\/#website"},"datePublished":"2024-01-25T14:11:20+00:00","dateModified":"2026-02-20T09:15:05+00:00","breadcrumb":{"@id":"https:\/\/acronyx.org\/acronyx-gut-steimke\/#breadcrumb"},"inLanguage":"en-US","potentialAction":[{"@type":"ReadAction","target":["https:\/\/acronyx.org\/acronyx-gut-steimke\/"]}]},{"@type":"BreadcrumbList","@id":"https:\/\/acronyx.org\/acronyx-gut-steimke\/#breadcrumb","itemListElement":[{"@type":"ListItem","position":1,"name":"Startseite","item":"https:\/\/acronyx.org\/"},{"@type":"ListItem","position":2,"name":"ACRONYX FESTIVAL 2026 auf dem GUT STEIMKE"}]},{"@type":"WebSite","@id":"https:\/\/acronyx.org\/#website","url":"https:\/\/acronyx.org\/","name":"ACRONYX","description":"","publisher":{"@id":"https:\/\/acronyx.org\/#organization"},"potentialAction":[{"@type":"SearchAction","target":{"@type":"EntryPoint","urlTemplate":"https:\/\/acronyx.org\/?s={search_term_string}"},"query-input":"required name=search_term_string"}],"inLanguage":"en-US"},{"@type":"Organization","@id":"https:\/\/acronyx.org\/#organization","name":"ACRONYX","url":"https:\/\/acronyx.org\/","logo":{"@type":"ImageObject","inLanguage":"en-US","@id":"https:\/\/acronyx.org\/#\/schema\/logo\/image\/","url":"https:\/\/acronyx.org\/wp-content\/uploads\/2022\/01\/cropped-Om-Bild.jpg","contentUrl":"https:\/\/acronyx.org\/wp-content\/uploads\/2022\/01\/cropped-Om-Bild.jpg","width":400,"height":400,"caption":"ACRONYX"},"image":{"@id":"https:\/\/acronyx.org\/#\/schema\/logo\/image\/"}}]}},"_links":{"self":[{"href":"https:\/\/acronyx.org\/en\/wp-json\/wp\/v2\/pages\/1555"}],"collection":[{"href":"https:\/\/acronyx.org\/en\/wp-json\/wp\/v2\/pages"}],"about":[{"href":"https:\/\/acronyx.org\/en\/wp-json\/wp\/v2\/types\/page"}],"author":[{"embeddable":true,"href":"https:\/\/acronyx.org\/en\/wp-json\/wp\/v2\/users\/2"}],"replies":[{"embeddable":true,"href":"https:\/\/acronyx.org\/en\/wp-json\/wp\/v2\/comments?post=1555"}],"version-history":[{"count":10,"href":"https:\/\/acronyx.org\/en\/wp-json\/wp\/v2\/pages\/1555\/revisions"}],"predecessor-version":[{"id":2654,"href":"https:\/\/acronyx.org\/en\/wp-json\/wp\/v2\/pages\/1555\/revisions\/2654"}],"wp:attachment":[{"href":"https:\/\/acronyx.org\/en\/wp-json\/wp\/v2\/media?parent=1555"}],"curies":[{"name":"wp","href":"https:\/\/api.w.org\/{rel}","templated":true}]}}