{"id":1371,"date":"2024-01-17T08:46:31","date_gmt":"2024-01-17T07:46:31","guid":{"rendered":"https:\/\/acronyx.org\/?page_id=1371"},"modified":"2024-02-05T22:25:45","modified_gmt":"2024-02-05T21:25:45","slug":"acronyx-intensive-15-bis-17-maerz","status":"publish","type":"page","link":"https:\/\/acronyx.org\/en\/acronyx-intensive-15-bis-17-maerz\/","title":{"rendered":"ACRONYX INTENSIVE 15. bis 17. M\u00e4rz mit Olli und Frieda"},"content":{"rendered":"<p><strong>ACRONYX meets Olli &amp; Frieda mit Fokus auf: Washing Machines and L-Basing drills (Intermediate)<\/strong><br><strong>Language:<\/strong> <strong>The teachers can teach both in English &amp; German<\/strong>.<\/p>\n\n\n\n<figure class=\"wp-block-gallery has-nested-images columns-default is-cropped wp-block-gallery-1 is-layout-flex\">\n<figure class=\"wp-block-image size-large\"><img decoding=\"async\" loading=\"lazy\" width=\"391\" height=\"625\" data-id=\"1644\"  src=\"https:\/\/acronyx.org\/wp-content\/uploads\/2024\/02\/WhatsApp-Image-2024-02-03-at-10.55.09-1-e1706954737362.jpeg\" alt=\"\" class=\"wp-image-1644\" srcset=\"https:\/\/acronyx.org\/wp-content\/uploads\/2024\/02\/WhatsApp-Image-2024-02-03-at-10.55.09-1-e1706954737362.jpeg 391w, https:\/\/acronyx.org\/wp-content\/uploads\/2024\/02\/WhatsApp-Image-2024-02-03-at-10.55.09-1-e1706954737362-188x300.jpeg 188w, https:\/\/acronyx.org\/wp-content\/uploads\/2024\/02\/WhatsApp-Image-2024-02-03-at-10.55.09-1-e1706954737362-8x12.jpeg 8w\" sizes=\"(max-width: 391px) 100vw, 391px\" \/><\/figure>\n\n\n\n<figure class=\"wp-block-image size-large\"><img decoding=\"async\" loading=\"lazy\" width=\"1024\" height=\"682\" data-id=\"1645\"  src=\"https:\/\/acronyx.org\/wp-content\/uploads\/2024\/02\/WhatsApp-Image-2024-02-03-at-10.55.03-1-1024x682.jpeg\" alt=\"\" class=\"wp-image-1645\" srcset=\"https:\/\/acronyx.org\/wp-content\/uploads\/2024\/02\/WhatsApp-Image-2024-02-03-at-10.55.03-1-1024x682.jpeg 1024w, https:\/\/acronyx.org\/wp-content\/uploads\/2024\/02\/WhatsApp-Image-2024-02-03-at-10.55.03-1-300x200.jpeg 300w, https:\/\/acronyx.org\/wp-content\/uploads\/2024\/02\/WhatsApp-Image-2024-02-03-at-10.55.03-1-768x512.jpeg 768w, https:\/\/acronyx.org\/wp-content\/uploads\/2024\/02\/WhatsApp-Image-2024-02-03-at-10.55.03-1-1536x1023.jpeg 1536w, https:\/\/acronyx.org\/wp-content\/uploads\/2024\/02\/WhatsApp-Image-2024-02-03-at-10.55.03-1-18x12.jpeg 18w, https:\/\/acronyx.org\/wp-content\/uploads\/2024\/02\/WhatsApp-Image-2024-02-03-at-10.55.03-1.jpeg 1600w\" sizes=\"(max-width: 1024px) 100vw, 1024px\" \/><\/figure>\n<\/figure>\n\n\n\n<p class=\"has-text-align-left\">Wir freuen uns sehr, euch wie versprochen ein weiteres tolles Teacher-Team pr\u00e4sentieren zu d\u00fcrfen. Charmant, lustig und u.a. bekannt f\u00fcr ihren Flow &#8222;Naked Butt&#8220;, werden Frieda &amp; Olli uns in ihre kreative Welt der Flows entf\u00fchren. Au\u00dferdem d\u00fcrft ihr euch auf Drills einstellen. Freut euch auf zwei Lehrer mit sehr viel Workshop-Erfahrung, solide aufgebauten Workshops und Tipps, die so pr\u00e4gnant formuliert werden, dass man sie nie wieder vergisst. <br>Ihr solltet schon erste Erfahrungen mit Washing Machines haben, das hei\u00dft Klassiker wie z.B. Cork Screw, Ballerina, Ninja Star sitzen weitestgehend. <br><br>Auf folgende Workshops d\u00fcrft ihr euch freuen:<\/p>\n\n\n\n<p>WS 1: Acro games, F2H in L-Basing (Entrances, exits, drills, variations, transitions) <br>WS 2: Washing machines <br>WS 3: H2H in L-basing (Entrances, exits, drills, variations, transitions) <br>WS 4: Washing Machines <br><br>Das Ganze wird mit Thai Massagen und Lunar Acro abgerundet jeweils.<br>_______________________________________<br><br><strong>The Teachers (English):<\/strong><br><br><strong>Frieda<\/strong> is often to be found balancing herself upside-down, wrapped around a poledancing pole or just cart-wheeling outdoors. She discovered Acroyoga in 2017 and with it the joy of movement. This brought her as far as to quit her engineering career and start studying again to become a physiotherapist. What she most treasures of acroyoga is the playfulness, spontaneity, community feeling and the laughs when a pose does not look or feel as cool as you\u2019d think. For her it is never time to stop flying but she really enjoys stubbornly practicing her basing skills. She has been organizing Jams and regular Acroyoga events for the acro communities in Mannheim and Heidelberg and offers workshops in her community as well as at various acrobatic events.<\/p>\n\n\n\n<p><strong>Olli (Mugge Badscher) <\/strong>started his acro journey in 2016 and really dug into it in 2017 when he started to travel around Europe to different festivals and even more communities. He loves to makes people fly and see the sparkles in their eyes when they for the first time feel like a bird and the inner child comes out. He loves the playfulness, the communication and the trust you have to share in acroyoga. Mostly you can find him on the ground doing all kind of different washing machines, playing with whip-pops and icarians but he also likes to fly from time to time or do handstands. Furthermore he likes to spot stuff where you have to be quick and use ninja-spotting. The workshops he likes to give are mostly spiked with a good mix between sweaty exercises, funny games and creative transitions. Creating a safe and supportive environment is a key element for him. Since 2019 he organizes his own festival near Cologne, the <a href=\"https:\/\/www.timeout-acro.de\/\">Timeout Acro Festival<\/a>.<br><br><strong>Die Lehrer (Deutsch):<\/strong><\/p>\n\n\n\n<p><strong>Frieda<\/strong> findet man oft kopf\u00fcber balancierend am Boden oder auf F\u00fc\u00dfen, um eine Poledance Stange gewickelt oder drau\u00dfen beim Rad Schlagen. AcroYoga hat sie 2017 entdeckt und damit die Freude an der Bewegung. Dies brachte sie soweit, ihre Karriere als Ingenieurin zu beenden und noch einmal zu studieren, um Physiotherapeutin zu werden. Was sie besonders am AcroYoga wertsch\u00e4tzt, ist die Verspieltheit, die Spontaneit\u00e4t, das Gemeinschaftsgef\u00fchl und das gemeinsame Lachen, wenn eine Pose gar nicht so cool aussieht, wie man zuerst dachte. F\u00fcr sie gibt es nicht den Zeitpunkt, mit Fliegen aufzuh\u00f6ren, aber sie genie\u00dft auch hartn\u00e4ckig ihre Base-F\u00e4higkeiten weiter auszubauen. Sie organisiert regelm\u00e4\u00dfig Jams und andere Acro-Events in der Mannheimer Heidelberger Community und bietet sowohl dort wie auch auf verschiedenen Acro Festivals Workshops an. <\/p>\n\n\n\n<p><strong>Olli (Mugge Badscher)<\/strong> begann seine Acro-Reise im Jahr 2016 und ging 2017 richtig in die Vollen, als er begann, durch Europa zu verschiedenen Festivals und Communities zu reisen. Er liebt es, Menschen zum Fliegen zu bringen und das Funkeln in ihren Augen zu sehen, wenn sie sich zum ersten Mal wie ein Vogel f\u00fchlen und das innere Kind zum Vorschein kommt. Ihn begeistert die Verspieltheit, die Kommunikation und das Vertrauen, das man im Acroyoga teilen muss. Meistens findet man ihn auf dem Boden, wo er alle m\u00f6glichen Waschmaschinen macht, mit Whip Pops und Icarians spielt, aber er fliegt auch gerne mal oder \u00fcbt flei\u00dfig Handst\u00e4nde. Au\u00dferdem liebt er es zu spotten, am liebsten Dynamisches, wo man schnell sein und Ninja-Spotting anwenden muss. Die Workshops, die er gerne gibt, sind meist mit einer guten Mischung aus schwei\u00dftreibenden \u00dcbungen und lustigen Spielen gespickt. Eine sichere und unterst\u00fctzende Umgebung zu schaffen und die Tricks langsam und mit gezielten \u00dcbungen aufzubauen, ist f\u00fcr ihn ein Schl\u00fcsselelement. Seit 2019 organisiert er sein eigenes Festival bei K\u00f6ln, das <a href=\"https:\/\/www.timeout-acro.de\/\">Timeout Acro Festival<\/a>.<br><br>________________________________________________________<br>The following is offered over the three days:<\/p>\n\n\n\n<ul>\n<li>4 Workshops<\/li>\n\n\n\n<li>Zeit zum freien \u00dcben und Verinnerlichen der Informationen aus den Workshops<\/li>\n\n\n\n<li>Delicious vegan food<\/li>\n<\/ul>\n\n\n\n<p>Das muss ich mitbringen:<\/p>\n\n\n\n<ul>\n<li>Geschlafen wird im Nest (ehemalige Jugendherberge) in Uslar, Matratzen &amp; Betten haben wir, Schlafsack etc. bitte mitbringen. Es gibt viel Raum f\u00fcr R\u00fcckzug.<\/li>\n\n\n\n<li>Icarian Pillow, falls vorhanden.<\/li>\n<\/ul>\n\n\n\n<p>Where: Uslar Youth Hostel,&nbsp;<a href=\"https:\/\/www.google.com\/maps\/place\/\/data=!4m2!3m1!1s0x47bad8d9d72dd33b:0xb0e418a9370a71b4?sa=X&amp;ved=2ahUKEwjaq7e3q-SDAxU6hv0HHXcqCPsQ4kB6BAgPEAA\">Kupferhammer 13, 37170 Uslar<\/a><br>Wann: Anreise Fr ab 15 Uhr, Beginn 16 Uhr \/\/ Abreise Sonntag Nachmittag, wer m\u00f6chte kann auch bis Montag bleiben.<br><br>In der direkten Umgebung der ehemaligen Jugendherberge findet ihr auch einen Skatepark, ein Schwimmbad und M\u00f6glichkeiten zum Wandern. Au\u00dferdem besteht die M\u00f6glichkeit, die Sauna auf dem nahegelegenen (3,4km) Gut Steimke zu nutzen.<br><br><a href=\"https:\/\/pretix.acronyx.org\/acronyx\/Mrz24-2\/\">ZUR ANMELDUNG UND DEN TICKETS GEHT ES HIER. <\/a><\/p>\n\n\n\n<p><\/p>","protected":false},"excerpt":{"rendered":"<p>ACRONYX meets Olli &amp; Frieda mit Fokus auf: Washing Machines and L-Basing drills (Intermediate)Language: The teachers can teach both in<\/p>","protected":false},"author":2,"featured_media":0,"parent":0,"menu_order":0,"comment_status":"closed","ping_status":"closed","template":"","meta":[],"yoast_head":"<!-- This site is optimized with the Yoast SEO plugin v20.8 - https:\/\/yoast.com\/wordpress\/plugins\/seo\/ -->\n<title>ACRONYX INTENSIVE 15. bis 17. M\u00e4rz mit Olli und Frieda - ACRONYX<\/title>\n<meta name=\"robots\" content=\"index, follow, max-snippet:-1, max-image-preview:large, max-video-preview:-1\" \/>\n<link rel=\"canonical\" href=\"https:\/\/acronyx.org\/en\/acronyx-intensive-15-bis-17-maerz\/\" \/>\n<meta property=\"og:locale\" content=\"en_US\" \/>\n<meta property=\"og:type\" content=\"article\" \/>\n<meta property=\"og:title\" content=\"ACRONYX INTENSIVE 15. bis 17. M\u00e4rz mit Olli und Frieda - ACRONYX\" \/>\n<meta property=\"og:description\" content=\"ACRONYX meets Olli &amp; Frieda mit Fokus auf: Washing Machines and L-Basing drills (Intermediate)Language: The teachers can teach both in\" \/>\n<meta property=\"og:url\" content=\"https:\/\/acronyx.org\/en\/acronyx-intensive-15-bis-17-maerz\/\" \/>\n<meta property=\"og:site_name\" content=\"ACRONYX\" \/>\n<meta property=\"article:modified_time\" content=\"2024-02-05T21:25:45+00:00\" \/>\n<meta property=\"og:image\" content=\"https:\/\/acronyx.org\/wp-content\/uploads\/2024\/02\/WhatsApp-Image-2024-02-03-at-10.55.09-1-e1706954737362.jpeg\" \/>\n<meta name=\"twitter:card\" content=\"summary_large_image\" \/>\n<meta name=\"twitter:label1\" content=\"Est. reading time\" \/>\n\t<meta name=\"twitter:data1\" content=\"6 minutes\" \/>\n<script type=\"application\/ld+json\" class=\"yoast-schema-graph\">{\"@context\":\"https:\/\/schema.org\",\"@graph\":[{\"@type\":\"WebPage\",\"@id\":\"https:\/\/acronyx.org\/acronyx-intensive-15-bis-17-maerz\/\",\"url\":\"https:\/\/acronyx.org\/acronyx-intensive-15-bis-17-maerz\/\",\"name\":\"ACRONYX INTENSIVE 15. bis 17. M\u00e4rz mit Olli und Frieda - ACRONYX\",\"isPartOf\":{\"@id\":\"https:\/\/acronyx.org\/#website\"},\"datePublished\":\"2024-01-17T07:46:31+00:00\",\"dateModified\":\"2024-02-05T21:25:45+00:00\",\"breadcrumb\":{\"@id\":\"https:\/\/acronyx.org\/acronyx-intensive-15-bis-17-maerz\/#breadcrumb\"},\"inLanguage\":\"en-US\",\"potentialAction\":[{\"@type\":\"ReadAction\",\"target\":[\"https:\/\/acronyx.org\/acronyx-intensive-15-bis-17-maerz\/\"]}]},{\"@type\":\"BreadcrumbList\",\"@id\":\"https:\/\/acronyx.org\/acronyx-intensive-15-bis-17-maerz\/#breadcrumb\",\"itemListElement\":[{\"@type\":\"ListItem\",\"position\":1,\"name\":\"Startseite\",\"item\":\"https:\/\/acronyx.org\/\"},{\"@type\":\"ListItem\",\"position\":2,\"name\":\"ACRONYX INTENSIVE 15. bis 17. M\u00e4rz mit Olli und Frieda\"}]},{\"@type\":\"WebSite\",\"@id\":\"https:\/\/acronyx.org\/#website\",\"url\":\"https:\/\/acronyx.org\/\",\"name\":\"ACRONYX\",\"description\":\"\",\"publisher\":{\"@id\":\"https:\/\/acronyx.org\/#organization\"},\"potentialAction\":[{\"@type\":\"SearchAction\",\"target\":{\"@type\":\"EntryPoint\",\"urlTemplate\":\"https:\/\/acronyx.org\/?s={search_term_string}\"},\"query-input\":\"required name=search_term_string\"}],\"inLanguage\":\"en-US\"},{\"@type\":\"Organization\",\"@id\":\"https:\/\/acronyx.org\/#organization\",\"name\":\"ACRONYX\",\"url\":\"https:\/\/acronyx.org\/\",\"logo\":{\"@type\":\"ImageObject\",\"inLanguage\":\"en-US\",\"@id\":\"https:\/\/acronyx.org\/#\/schema\/logo\/image\/\",\"url\":\"https:\/\/acronyx.org\/wp-content\/uploads\/2022\/01\/cropped-Om-Bild.jpg\",\"contentUrl\":\"https:\/\/acronyx.org\/wp-content\/uploads\/2022\/01\/cropped-Om-Bild.jpg\",\"width\":400,\"height\":400,\"caption\":\"ACRONYX\"},\"image\":{\"@id\":\"https:\/\/acronyx.org\/#\/schema\/logo\/image\/\"}}]}<\/script>\n<!-- \/ Yoast SEO plugin. -->","yoast_head_json":{"title":"ACRONYX INTENSIVE 15. bis 17. M\u00e4rz mit Olli und Frieda - ACRONYX","robots":{"index":"index","follow":"follow","max-snippet":"max-snippet:-1","max-image-preview":"max-image-preview:large","max-video-preview":"max-video-preview:-1"},"canonical":"https:\/\/acronyx.org\/en\/acronyx-intensive-15-bis-17-maerz\/","og_locale":"en_US","og_type":"article","og_title":"ACRONYX INTENSIVE 15. bis 17. M\u00e4rz mit Olli und Frieda - ACRONYX","og_description":"ACRONYX meets Olli &amp; Frieda mit Fokus auf: Washing Machines and L-Basing drills (Intermediate)Language: The teachers can teach both in","og_url":"https:\/\/acronyx.org\/en\/acronyx-intensive-15-bis-17-maerz\/","og_site_name":"ACRONYX","article_modified_time":"2024-02-05T21:25:45+00:00","og_image":[{"url":"https:\/\/acronyx.org\/wp-content\/uploads\/2024\/02\/WhatsApp-Image-2024-02-03-at-10.55.09-1-e1706954737362.jpeg"}],"twitter_card":"summary_large_image","twitter_misc":{"Est. reading time":"6 minutes"},"schema":{"@context":"https:\/\/schema.org","@graph":[{"@type":"WebPage","@id":"https:\/\/acronyx.org\/acronyx-intensive-15-bis-17-maerz\/","url":"https:\/\/acronyx.org\/acronyx-intensive-15-bis-17-maerz\/","name":"ACRONYX INTENSIVE 15. bis 17. M\u00e4rz mit Olli und Frieda - ACRONYX","isPartOf":{"@id":"https:\/\/acronyx.org\/#website"},"datePublished":"2024-01-17T07:46:31+00:00","dateModified":"2024-02-05T21:25:45+00:00","breadcrumb":{"@id":"https:\/\/acronyx.org\/acronyx-intensive-15-bis-17-maerz\/#breadcrumb"},"inLanguage":"en-US","potentialAction":[{"@type":"ReadAction","target":["https:\/\/acronyx.org\/acronyx-intensive-15-bis-17-maerz\/"]}]},{"@type":"BreadcrumbList","@id":"https:\/\/acronyx.org\/acronyx-intensive-15-bis-17-maerz\/#breadcrumb","itemListElement":[{"@type":"ListItem","position":1,"name":"Startseite","item":"https:\/\/acronyx.org\/"},{"@type":"ListItem","position":2,"name":"ACRONYX INTENSIVE 15. bis 17. M\u00e4rz mit Olli und Frieda"}]},{"@type":"WebSite","@id":"https:\/\/acronyx.org\/#website","url":"https:\/\/acronyx.org\/","name":"ACRONYX","description":"","publisher":{"@id":"https:\/\/acronyx.org\/#organization"},"potentialAction":[{"@type":"SearchAction","target":{"@type":"EntryPoint","urlTemplate":"https:\/\/acronyx.org\/?s={search_term_string}"},"query-input":"required name=search_term_string"}],"inLanguage":"en-US"},{"@type":"Organization","@id":"https:\/\/acronyx.org\/#organization","name":"ACRONYX","url":"https:\/\/acronyx.org\/","logo":{"@type":"ImageObject","inLanguage":"en-US","@id":"https:\/\/acronyx.org\/#\/schema\/logo\/image\/","url":"https:\/\/acronyx.org\/wp-content\/uploads\/2022\/01\/cropped-Om-Bild.jpg","contentUrl":"https:\/\/acronyx.org\/wp-content\/uploads\/2022\/01\/cropped-Om-Bild.jpg","width":400,"height":400,"caption":"ACRONYX"},"image":{"@id":"https:\/\/acronyx.org\/#\/schema\/logo\/image\/"}}]}},"_links":{"self":[{"href":"https:\/\/acronyx.org\/en\/wp-json\/wp\/v2\/pages\/1371"}],"collection":[{"href":"https:\/\/acronyx.org\/en\/wp-json\/wp\/v2\/pages"}],"about":[{"href":"https:\/\/acronyx.org\/en\/wp-json\/wp\/v2\/types\/page"}],"author":[{"embeddable":true,"href":"https:\/\/acronyx.org\/en\/wp-json\/wp\/v2\/users\/2"}],"replies":[{"embeddable":true,"href":"https:\/\/acronyx.org\/en\/wp-json\/wp\/v2\/comments?post=1371"}],"version-history":[{"count":9,"href":"https:\/\/acronyx.org\/en\/wp-json\/wp\/v2\/pages\/1371\/revisions"}],"predecessor-version":[{"id":1651,"href":"https:\/\/acronyx.org\/en\/wp-json\/wp\/v2\/pages\/1371\/revisions\/1651"}],"wp:attachment":[{"href":"https:\/\/acronyx.org\/en\/wp-json\/wp\/v2\/media?parent=1371"}],"curies":[{"name":"wp","href":"https:\/\/api.w.org\/{rel}","templated":true}]}}